{"id":30,"date":"2024-11-17T21:47:40","date_gmt":"2024-11-17T20:47:40","guid":{"rendered":"https:\/\/moodflow-music.de\/?page_id=30"},"modified":"2024-11-21T09:09:16","modified_gmt":"2024-11-21T08:09:16","slug":"band","status":"publish","type":"page","link":"https:\/\/moodflow-music.de\/?page_id=30","title":{"rendered":"Band"},"content":{"rendered":"\n<figure class=\"wp-block-gallery has-nested-images columns-default is-cropped wp-block-gallery-1 is-layout-flex wp-block-gallery-is-layout-flex\">\n<figure class=\"wp-block-image size-large\"><img loading=\"lazy\" decoding=\"async\" width=\"1024\" height=\"576\" data-id=\"8\" src=\"https:\/\/moodflow-music.de\/wp-content\/uploads\/2024\/11\/IMG_2408-1024x576.jpg\" alt=\"\" class=\"wp-image-8\" srcset=\"https:\/\/moodflow-music.de\/wp-content\/uploads\/2024\/11\/IMG_2408-1024x576.jpg 1024w, https:\/\/moodflow-music.de\/wp-content\/uploads\/2024\/11\/IMG_2408-300x169.jpg 300w, https:\/\/moodflow-music.de\/wp-content\/uploads\/2024\/11\/IMG_2408-768x432.jpg 768w, https:\/\/moodflow-music.de\/wp-content\/uploads\/2024\/11\/IMG_2408-1536x864.jpg 1536w, https:\/\/moodflow-music.de\/wp-content\/uploads\/2024\/11\/IMG_2408.jpg 1642w\" sizes=\"auto, (max-width: 1024px) 100vw, 1024px\" \/><\/figure>\n<\/figure>\n\n\n\n<p>Moodflow ist eine professionelle Band aus dem Raum Karlsruhe, die in kompletter Besetzung vier erstklassige Musiker umfasst, bei Bedarf aber auch vergr\u00f6\u00dfert oder verkleinert werden kann.<\/p>\n\n\n\n<p>Die Band bietet Ihnen erstklassige Musik aus einem breitgef\u00e4cherten Repertoire zu jedem Anlass.<\/p>\n\n\n\n<p>Ob Messe, Kongress, private Feier, Hochzeit, Dinner, Gala, Kundenevent\u2026 die Band setzt Ihre Feier musikalisch in Szene und macht Ihr Event mit jazzigen Kl\u00e4ngen, loungiger Dinnermusik bis hin zu groovigen Partysounds zu einem unvergesslichen Erlebnis!<\/p>\n","protected":false},"excerpt":{"rendered":"<p>Moodflow ist eine professionelle Band aus dem Raum Karlsruhe, die in kompletter Besetzung vier erstklassige Musiker umfasst, bei Bedarf aber auch vergr\u00f6\u00dfert oder verkleinert werden kann. Die Band bietet Ihnen erstklassige Musik aus einem breitgef\u00e4cherten Repertoire zu jedem Anlass. Ob Messe, Kongress, private Feier, Hochzeit, Dinner, Gala, Kundenevent\u2026 die Band setzt Ihre Feier musikalisch in [&hellip;]<\/p>\n","protected":false},"author":1,"featured_media":0,"parent":0,"menu_order":0,"comment_status":"closed","ping_status":"closed","template":"","meta":{"footnotes":""},"class_list":["post-30","page","type-page","status-publish","hentry"],"_links":{"self":[{"href":"https:\/\/moodflow-music.de\/index.php?rest_route=\/wp\/v2\/pages\/30","targetHints":{"allow":["GET"]}}],"collection":[{"href":"https:\/\/moodflow-music.de\/index.php?rest_route=\/wp\/v2\/pages"}],"about":[{"href":"https:\/\/moodflow-music.de\/index.php?rest_route=\/wp\/v2\/types\/page"}],"author":[{"embeddable":true,"href":"https:\/\/moodflow-music.de\/index.php?rest_route=\/wp\/v2\/users\/1"}],"replies":[{"embeddable":true,"href":"https:\/\/moodflow-music.de\/index.php?rest_route=%2Fwp%2Fv2%2Fcomments&post=30"}],"version-history":[{"count":4,"href":"https:\/\/moodflow-music.de\/index.php?rest_route=\/wp\/v2\/pages\/30\/revisions"}],"predecessor-version":[{"id":57,"href":"https:\/\/moodflow-music.de\/index.php?rest_route=\/wp\/v2\/pages\/30\/revisions\/57"}],"wp:attachment":[{"href":"https:\/\/moodflow-music.de\/index.php?rest_route=%2Fwp%2Fv2%2Fmedia&parent=30"}],"curies":[{"name":"wp","href":"https:\/\/api.w.org\/{rel}","templated":true}]}}